{"id":337,"date":"2017-04-03T17:13:39","date_gmt":"2017-04-03T15:13:39","guid":{"rendered":"http:\/\/www.weingut-hanke.at\/?page_id=337\/"},"modified":"2017-04-03T17:15:15","modified_gmt":"2017-04-03T15:15:15","slug":"weingut-hanke-in-herrnbaumgarten","status":"publish","type":"page","link":"https:\/\/www.weingut-hanke.at\/cs\/","title":{"rendered":"Weingut Hanke in Herrnbaumgarten"},"content":{"rendered":"<div class=\"fusion-fullwidth fullwidth-box fusion-builder-row-1 nonhundred-percent-fullwidth non-hundred-percent-height-scrolling\" style=\"--awb-border-radius-top-left:0px;--awb-border-radius-top-right:0px;--awb-border-radius-bottom-right:0px;--awb-border-radius-bottom-left:0px;--awb-flex-wrap:wrap;\" ><div class=\"fusion-builder-row fusion-row\"><div class=\"fusion-layout-column fusion_builder_column fusion-builder-column-0 fusion_builder_column_1_1 1_1 fusion-one-full fusion-column-first fusion-column-last\" style=\"--awb-bg-size:cover;\"><div class=\"fusion-column-wrapper fusion-flex-column-wrapper-legacy\"><div class=\"fusion-text fusion-text-1\"><p><strong><u>RODINA A HISTORIE<\/u><\/strong><\/p>\n<p>Vina\u0159stv\u00ed m\u00e1 v\u00a0rodin\u011b Hanke dlouholetou tradici. V\u00a0sou\u010dasnosti je rodinn\u00fd podnik obhospoda\u0159ov\u00e1n ji\u017e \u010dtvrtou generac\u00ed a je nad\u00e1le rozv\u00edjen.<\/p>\n<p>Toho \u010dasu se potk\u00e1vaj\u00ed dlouholet\u00e9 zku\u0161enosti Fritze a d\u016fkladn\u00e9 znalosti v\u00a0oboru syna Michaela. V\u00fdsledkem toho jsou kvalitn\u00ed a dobr\u00e1 v\u00edna.<\/p>\n<p>Rosi podporuje mu\u017ee prac\u00ed v\u00a0kancel\u00e1\u0159i, starost\u00ed o prodej a o v\u0161e pot\u0159ebn\u00e9.,<\/p>\n<p><strong><u>VINA\u0158STV\u00cd:<\/u><\/strong><\/p>\n<p><strong><u>POLOHA:<\/u><\/strong><\/p>\n<p>Vina\u0159stv\u00ed se nach\u00e1z\u00ed v\u00a0Herrnbaumgartenu, v\u00a0mal\u00e9, ale pro vina\u0159stv\u00ed d\u016fle\u017eit\u00e9 vesnici v\u00a0severov\u00fdchodn\u00ed \u010d\u00e1sti Weinviertelu. Idylick\u00e9 obce a malebn\u00e9 sklepn\u00ed uli\u010dky s\u00a0dlouholetou tradic\u00ed jsou pro tuto rozs\u00e1hlou oblast charakteristick\u00e9.<\/p>\n<p><strong><u>PODLO\u017d\u00cd:<\/u><\/strong><\/p>\n<p>P\u0159esto\u017ee vinice v\u00a0Herrnbaumgartenu le\u017e\u00ed bl\u00edzko u sebe, jsou v\u00edna pozitivn\u011b ovliv\u0148ov\u00e1na jednak d\u00edky rozmanit\u00fdm podlo\u017e\u00edm a tak\u00e9 d\u00edky mikroklimatick\u00fdm rozd\u00edl\u016fm.<\/p>\n<p>Rozlehl\u00e9 \u010d\u00e1sti Weinviertelu jsou pokryt\u00e9 j\u00edlem.<\/p>\n<p>V\u00a0t\u011bchto lehk\u00fdch p\u00eds\u010dit\u00fdch a v\u00e1pencov\u00fdch p\u016fd\u00e1ch dozr\u00e1vaj\u00ed tak\u00e9 na\u0161e v\u00edna ko\u0159en\u011bn\u00fdch a ovocn\u00fdch aromat.<\/p>\n<p><strong><u>KLIMA:<\/u><\/strong><\/p>\n<p>Veltl\u00ednsk\u00fd kraj nen\u00ed jen jeden z\u00a0nejsu\u0161\u0161\u00edch vina\u0159sk\u00fdch oblast\u00ed, ale z\u00e1rove\u0148 se zhruba 2000 hodinami slunce ro\u010dn\u011b tak\u00e9 jeden z\u00a0nejproslun\u011bn\u011bj\u0161\u00edch.<\/p>\n<p>Panonsko-kontinent\u00e1ln\u00ed r\u00e1z krajiny nab\u00edz\u00ed t\u00edmto ide\u00e1ln\u00ed p\u0159edpoklady k\u00a0v\u00fdrob\u011b kvalitn\u00edch v\u00edn.<\/p>\n<p><strong><u>OBHOSPODA\u0158OV\u00c1V\u00c1N\u00cd VINIC:<\/u><\/strong><\/p>\n<p>Zodpov\u011bdn\u00e9 nakl\u00e1d\u00e1n\u00ed s\u00a0p\u0159\u00edrodou, o\u017eivov\u00e1n\u00ed zem\u011b trvalou zelen\u00ed, regulace \u00farody, c\u00edlen\u00e9 zast\u0159ihov\u00e1n\u00ed a spr\u00e1vn\u00e9 na\u010dasov\u00e1n\u00ed sklizn\u011b jsou rozhoduj\u00edc\u00ed pro kvalitu na\u0161ich v\u00edn. Nepou\u017e\u00edv\u00e1me \u017e\u00e1dn\u00e9 insekticidy.<\/p>\n<p><strong><u>SKLEP:<\/u><\/strong><\/p>\n<p>V\u00fdzvu, kterou n\u00e1m p\u0159\u00edroda ka\u017ed\u00fd rok p\u0159ipravuje, se sna\u017e\u00edme zdolat rychl\u00fdm a \u0161etrn\u00fdm zpracov\u00e1n\u00edm v\u00fdhradn\u011b zdrav\u00fdch hrozn\u016f, modern\u00ed technologi\u00ed a \u0159\u00edzen\u00fdm kva\u0161en\u00edm. Zr\u00e1n\u00ed na\u0161ich v\u00edn prob\u00edh\u00e1 v\u00a0nerezov\u00fdch n\u00e1dr\u017e\u00edch.<\/p>\n<p><strong><u>ODR\u016eDY V\u00cdN:<\/u><\/strong><\/p>\n<p>WEINVIERTEL DAC \u2013 Districtus Austria Controllatus<\/p>\n<p>ov\u011b\u0159en\u00e9 ozna\u010den\u00ed rakousk\u00e9ho p\u016fvodu<\/p>\n<p>Jako prvn\u00ed vina\u0159sk\u00e1 oblast Rakouska se Weinviertel v\u00a0roce 2003 rozhodl pro tuto jednozna\u010dnou a ov\u011b\u0159enou zna\u010dku garance kvality a p\u016fvodu, kter\u00e1 ji\u017e z\u00edskala mezin\u00e1rodn\u00ed uzn\u00e1n\u00ed.<\/p>\n<p>Ve Weinviertelu zast\u00e1v\u00e1 zna\u010dka DAC odr\u016fdu Veltl\u00ednsk\u00e9 zelen\u00e9. V\u00edna typick\u00e1 pro tuto oblast odr\u00e1\u017e\u00ed rozmanitost Weinviertelu pikantn\u011b-peprnou chut\u00ed a tak\u00e9 ovocn\u00fdm charakterem. Weinviertel DAC se skv\u011ble hod\u00ed k\u00a0j\u00eddl\u016fm.<\/p>\n<p><strong><u>NA\u0160E ODR\u016eDY:<\/u><\/strong><\/p>\n<p><strong><u>B\u00edl\u00e9<\/u><\/strong><\/p>\n<p>Veltl\u00ednsk\u00e9 zelen\u00e9 (Weinviertel DAC)<\/p>\n<p>Ryzlink r\u00fdnsk\u00fd<\/p>\n<p>Ryzlink vla\u0161sk\u00fd<\/p>\n<p>Pinot Blanc<\/p>\n<p>Chardonnay<\/p>\n<p>Mu\u0161k\u00e1t<\/p>\n<p><strong><u>\u010cerven\u00e9<\/u><\/strong><\/p>\n<p>Zweigelt<\/p>\n<p>Merlot<\/p>\n<p>Svatovav\u0159ineck\u00e9<\/p>\n<p><strong><u>Ros\u00e9<\/u><\/strong><\/p>\n<p>Aurora Ros\u00e9<\/p>\n<p>Srde\u010dn\u011b v\u00e1s zveme ochutnat na\u0161e mnohokr\u00e1t ocen\u011bn\u00e1 v\u00edna. R\u00e1di si na v\u00e1s ud\u011bl\u00e1me \u010das, je ov\u0161em nutn\u00e9 se p\u0159edem ohl\u00e1sit.<\/p>\n<p>R\u00e1di v\u00e1m sd\u011bl\u00edme n\u00e1\u0161 aktu\u00e1ln\u00ed cen\u00edk.<\/p>\n<p><strong><u>HERRNBAUMGARTEN:<\/u><\/strong><\/p>\n<p>Vina\u0159stv\u00ed se nach\u00e1z\u00ed v\u00a0Herrbaumgartenu, v\u00a0mal\u00e9 obci v\u00a0severov\u00fdchodn\u00ed \u010d\u00e1sti Weinviertelu v\u00a0Doln\u00edm Rakousku. Obec je zn\u00e1m\u00e1 tak\u00e9 jako \u201epot\u0159e\u0161t\u011bn\u00e1 obec\u201c, kter\u00e1 se na sv\u011bt d\u00edv\u00e1 z\u00a0trochu \u0161ikm\u00e9ho \u00fahlu. V\u00a0posledn\u00edch letech z\u00edskala obec hodn\u011b na turistick\u00e9m v\u00fdznamu. Obec slou\u017e\u00ed jako ide\u00e1ln\u00ed v\u00fdchoz\u00ed bod pro cykloturistiku, jeliko\u017e se v\u00a0okol\u00ed nach\u00e1z\u00ed spousta zaj\u00edmav\u00fdch pam\u00e1tek.<\/p>\n<p>Obec le\u017e\u00ed zhruba hodinu cesty autem od V\u00eddn\u011b a n\u011bkolik m\u00e1lo kilometr\u016f od hranic s\u00a0\u010ceskou republikou. (Hrani\u010dn\u00ed p\u0159echod Drasenhofen)<\/p>\n<\/div><div class=\"fusion-clearfix\"><\/div><\/div><\/div><\/div><\/div>\n","protected":false},"excerpt":{"rendered":"","protected":false},"author":1,"featured_media":0,"parent":0,"menu_order":0,"comment_status":"closed","ping_status":"closed","template":"","meta":{"jetpack_post_was_ever_published":false,"footnotes":""},"class_list":["post-337","page","type-page","status-publish","hentry"],"yoast_head":"<!-- This site is optimized with the Yoast SEO plugin v27.4 - https:\/\/yoast.com\/product\/yoast-seo-wordpress\/ -->\n<title>Weingut Hanke in Herrnbaumgarten - Weingut Hanke<\/title>\n<meta name=\"description\" content=\"Weingut Hanke Weingut Hanke in Herrnbaumgarten\" \/>\n<meta name=\"robots\" content=\"index, follow, max-snippet:-1, max-image-preview:large, max-video-preview:-1\" \/>\n<link rel=\"canonical\" href=\"https:\/\/www.weingut-hanke.at\/cs\/\" \/>\n<meta property=\"og:locale\" content=\"cs_CZ\" \/>\n<meta property=\"og:type\" content=\"article\" \/>\n<meta property=\"og:title\" content=\"Weingut Hanke in Herrnbaumgarten - Weingut Hanke\" \/>\n<meta property=\"og:description\" content=\"Weingut Hanke Weingut Hanke in Herrnbaumgarten\" \/>\n<meta property=\"og:url\" content=\"https:\/\/www.weingut-hanke.at\/cs\/\" \/>\n<meta property=\"og:site_name\" content=\"Weingut Hanke\" \/>\n<meta property=\"article:publisher\" content=\"https:\/\/www.facebook.com\/weinguthanke\" \/>\n<meta property=\"article:modified_time\" content=\"2017-04-03T15:15:15+00:00\" \/>\n<meta name=\"twitter:card\" content=\"summary_large_image\" \/>\n<meta name=\"twitter:label1\" content=\"Odhadovan\u00e1 doba \u010dten\u00ed\" \/>\n\t<meta name=\"twitter:data1\" content=\"4 minuty\" \/>\n<script type=\"application\/ld+json\" class=\"yoast-schema-graph\">{\"@context\":\"https:\\\/\\\/schema.org\",\"@graph\":[{\"@type\":\"WebPage\",\"@id\":\"https:\\\/\\\/www.weingut-hanke.at\\\/cs\\\/\",\"url\":\"https:\\\/\\\/www.weingut-hanke.at\\\/cs\\\/\",\"name\":\"Weingut Hanke in Herrnbaumgarten - Weingut Hanke\",\"isPartOf\":{\"@id\":\"https:\\\/\\\/www.weingut-hanke.at\\\/#website\"},\"datePublished\":\"2017-04-03T15:13:39+00:00\",\"dateModified\":\"2017-04-03T15:15:15+00:00\",\"description\":\"Weingut Hanke Weingut Hanke in Herrnbaumgarten\",\"breadcrumb\":{\"@id\":\"https:\\\/\\\/www.weingut-hanke.at\\\/cs\\\/#breadcrumb\"},\"inLanguage\":\"cs\",\"potentialAction\":[{\"@type\":\"ReadAction\",\"target\":[\"https:\\\/\\\/www.weingut-hanke.at\\\/cs\\\/\"]}]},{\"@type\":\"BreadcrumbList\",\"@id\":\"https:\\\/\\\/www.weingut-hanke.at\\\/cs\\\/#breadcrumb\",\"itemListElement\":[{\"@type\":\"ListItem\",\"position\":1,\"name\":\"Startseite\",\"item\":\"https:\\\/\\\/www.weingut-hanke.at\\\/cs\\\/\"},{\"@type\":\"ListItem\",\"position\":2,\"name\":\"Weingut Hanke in Herrnbaumgarten\"}]},{\"@type\":\"WebSite\",\"@id\":\"https:\\\/\\\/www.weingut-hanke.at\\\/#website\",\"url\":\"https:\\\/\\\/www.weingut-hanke.at\\\/\",\"name\":\"Weingut Hanke\",\"description\":\"Ihr Winzer in Herrnbaumgarten, Weinviertel, Austria\",\"publisher\":{\"@id\":\"https:\\\/\\\/www.weingut-hanke.at\\\/#organization\"},\"potentialAction\":[{\"@type\":\"SearchAction\",\"target\":{\"@type\":\"EntryPoint\",\"urlTemplate\":\"https:\\\/\\\/www.weingut-hanke.at\\\/?s={search_term_string}\"},\"query-input\":{\"@type\":\"PropertyValueSpecification\",\"valueRequired\":true,\"valueName\":\"search_term_string\"}}],\"inLanguage\":\"cs\"},{\"@type\":\"Organization\",\"@id\":\"https:\\\/\\\/www.weingut-hanke.at\\\/#organization\",\"name\":\"Weingut Hanke\",\"url\":\"https:\\\/\\\/www.weingut-hanke.at\\\/\",\"logo\":{\"@type\":\"ImageObject\",\"inLanguage\":\"cs\",\"@id\":\"https:\\\/\\\/www.weingut-hanke.at\\\/#\\\/schema\\\/logo\\\/image\\\/\",\"url\":\"https:\\\/\\\/i1.wp.com\\\/www.weingut-hanke.at\\\/wp-content\\\/uploads\\\/2017\\\/04\\\/weingut-hanke-logo-540x260px.png?fit=540%2C260&ssl=1\",\"contentUrl\":\"https:\\\/\\\/i1.wp.com\\\/www.weingut-hanke.at\\\/wp-content\\\/uploads\\\/2017\\\/04\\\/weingut-hanke-logo-540x260px.png?fit=540%2C260&ssl=1\",\"width\":540,\"height\":260,\"caption\":\"Weingut Hanke\"},\"image\":{\"@id\":\"https:\\\/\\\/www.weingut-hanke.at\\\/#\\\/schema\\\/logo\\\/image\\\/\"},\"sameAs\":[\"https:\\\/\\\/www.facebook.com\\\/weinguthanke\",\"https:\\\/\\\/www.instagram.com\\\/weinguthanke\\\/\"]}]}<\/script>\n<!-- \/ Yoast SEO plugin. -->","yoast_head_json":{"title":"Weingut Hanke in Herrnbaumgarten - Weingut Hanke","description":"Weingut Hanke Weingut Hanke in Herrnbaumgarten","robots":{"index":"index","follow":"follow","max-snippet":"max-snippet:-1","max-image-preview":"max-image-preview:large","max-video-preview":"max-video-preview:-1"},"canonical":"https:\/\/www.weingut-hanke.at\/cs\/","og_locale":"cs_CZ","og_type":"article","og_title":"Weingut Hanke in Herrnbaumgarten - Weingut Hanke","og_description":"Weingut Hanke Weingut Hanke in Herrnbaumgarten","og_url":"https:\/\/www.weingut-hanke.at\/cs\/","og_site_name":"Weingut Hanke","article_publisher":"https:\/\/www.facebook.com\/weinguthanke","article_modified_time":"2017-04-03T15:15:15+00:00","twitter_card":"summary_large_image","twitter_misc":{"Odhadovan\u00e1 doba \u010dten\u00ed":"4 minuty"},"schema":{"@context":"https:\/\/schema.org","@graph":[{"@type":"WebPage","@id":"https:\/\/www.weingut-hanke.at\/cs\/","url":"https:\/\/www.weingut-hanke.at\/cs\/","name":"Weingut Hanke in Herrnbaumgarten - Weingut Hanke","isPartOf":{"@id":"https:\/\/www.weingut-hanke.at\/#website"},"datePublished":"2017-04-03T15:13:39+00:00","dateModified":"2017-04-03T15:15:15+00:00","description":"Weingut Hanke Weingut Hanke in Herrnbaumgarten","breadcrumb":{"@id":"https:\/\/www.weingut-hanke.at\/cs\/#breadcrumb"},"inLanguage":"cs","potentialAction":[{"@type":"ReadAction","target":["https:\/\/www.weingut-hanke.at\/cs\/"]}]},{"@type":"BreadcrumbList","@id":"https:\/\/www.weingut-hanke.at\/cs\/#breadcrumb","itemListElement":[{"@type":"ListItem","position":1,"name":"Startseite","item":"https:\/\/www.weingut-hanke.at\/cs\/"},{"@type":"ListItem","position":2,"name":"Weingut Hanke in Herrnbaumgarten"}]},{"@type":"WebSite","@id":"https:\/\/www.weingut-hanke.at\/#website","url":"https:\/\/www.weingut-hanke.at\/","name":"Weingut Hanke","description":"Ihr Winzer in Herrnbaumgarten, Weinviertel, Austria","publisher":{"@id":"https:\/\/www.weingut-hanke.at\/#organization"},"potentialAction":[{"@type":"SearchAction","target":{"@type":"EntryPoint","urlTemplate":"https:\/\/www.weingut-hanke.at\/?s={search_term_string}"},"query-input":{"@type":"PropertyValueSpecification","valueRequired":true,"valueName":"search_term_string"}}],"inLanguage":"cs"},{"@type":"Organization","@id":"https:\/\/www.weingut-hanke.at\/#organization","name":"Weingut Hanke","url":"https:\/\/www.weingut-hanke.at\/","logo":{"@type":"ImageObject","inLanguage":"cs","@id":"https:\/\/www.weingut-hanke.at\/#\/schema\/logo\/image\/","url":"https:\/\/i1.wp.com\/www.weingut-hanke.at\/wp-content\/uploads\/2017\/04\/weingut-hanke-logo-540x260px.png?fit=540%2C260&ssl=1","contentUrl":"https:\/\/i1.wp.com\/www.weingut-hanke.at\/wp-content\/uploads\/2017\/04\/weingut-hanke-logo-540x260px.png?fit=540%2C260&ssl=1","width":540,"height":260,"caption":"Weingut Hanke"},"image":{"@id":"https:\/\/www.weingut-hanke.at\/#\/schema\/logo\/image\/"},"sameAs":["https:\/\/www.facebook.com\/weinguthanke","https:\/\/www.instagram.com\/weinguthanke\/"]}]}},"jetpack_shortlink":"https:\/\/wp.me\/P8xK3N-5r","jetpack_sharing_enabled":true,"jetpack_likes_enabled":true,"_links":{"self":[{"href":"https:\/\/www.weingut-hanke.at\/cs\/wp-json\/wp\/v2\/pages\/337","targetHints":{"allow":["GET"]}}],"collection":[{"href":"https:\/\/www.weingut-hanke.at\/cs\/wp-json\/wp\/v2\/pages"}],"about":[{"href":"https:\/\/www.weingut-hanke.at\/cs\/wp-json\/wp\/v2\/types\/page"}],"author":[{"embeddable":true,"href":"https:\/\/www.weingut-hanke.at\/cs\/wp-json\/wp\/v2\/users\/1"}],"replies":[{"embeddable":true,"href":"https:\/\/www.weingut-hanke.at\/cs\/wp-json\/wp\/v2\/comments?post=337"}],"version-history":[{"count":2,"href":"https:\/\/www.weingut-hanke.at\/cs\/wp-json\/wp\/v2\/pages\/337\/revisions"}],"predecessor-version":[{"id":339,"href":"https:\/\/www.weingut-hanke.at\/cs\/wp-json\/wp\/v2\/pages\/337\/revisions\/339"}],"wp:attachment":[{"href":"https:\/\/www.weingut-hanke.at\/cs\/wp-json\/wp\/v2\/media?parent=337"}],"curies":[{"name":"wp","href":"https:\/\/api.w.org\/{rel}","templated":true}]}}